{"id":2414,"date":"2021-04-12T15:59:52","date_gmt":"2021-04-12T12:59:52","guid":{"rendered":"http:\/\/netrevart.com.tr\/?page_id=2414"},"modified":"2025-07-29T17:17:06","modified_gmt":"2025-07-29T14:17:06","slug":"devam-eden-calismalarimiz","status":"publish","type":"page","link":"https:\/\/netrevart.com.tr\/?page_id=2414","title":{"rendered":"Devam Eden \u00c7al\u0131\u015fmalar"},"content":{"rendered":"<p>[vc_row][vc_column]\n        <div class=\"section-title-wrapper vc_custom_1753798605685\" style=\"color: #505050\">\n            <div class=\"row text-center\">\n                <div class=\"col-xl-6 offset-xl-3 col-lg-8 offset-lg-2 col-md-10 offset-md-1\">  \n                    <h2 class=\"section-title\" style=\"color:#0a6db7\">Devam Eden \u00c7al\u0131\u015fmalar\u0131m\u0131z<\/h2>\n                    <ul class=\"title-shape no-list-style text-center\">\n                        <li style=\"background: #0a6db7\"><\/li>\n                        <li style=\"background: #0a6db7\"><\/li>\n                        <li style=\"background: #0a6db7\"><\/li>\n                    <\/ul>\n                    \n                <\/div>\n            <\/div>   \n        <\/div>\n    [\/vc_column][\/vc_row][vc_row][vc_column][vc_column_text]<\/p>\n<ul class=\"project-list\">\n<li>\u201cA\u011fr\u0131 Da\u011f\u0131 3200 m Kamp Merkezi Fizibilite, Proje ve Yakla\u015f\u0131k Maliyet Haz\u0131rlanmas\u0131 \u0130\u015fi\u201d \u2013 A\u011fr\u0131 \u0130l \u00d6zel \u0130daresi \u2013 <strong>Devam Ediyor<\/strong><\/li>\n<li>\u201cManavgat Organize Sanayi B\u00f6lgesi Y\u0131\u011f\u0131n Belirleme Analiz Raporu\u201d \u2013 Manavgat Ticaret Odas\u0131 \u2013 <strong>Devam Ediyor<\/strong><\/li>\n<li>&#8220;Ba\u011f\u0131ml\u0131l\u0131kla M\u00fccadele Eden Profesyonellere Y\u00f6nelik E\u011fitim&#8221; \u2013 Teknik Destek Projesi, GMKA \u2013 <strong>Devam Ediyor<\/strong><\/li>\n<li>\u201cDijital \u0130\u00e7erik \u00dcretim E\u011fitimi ve Dan\u0131\u015fmanl\u0131\u011f\u0131\u201d \u2013 Teknik Destek, D\u0130KA \u2013 <strong>Devam Ediyor<\/strong><\/li>\n<li>\u201cElaz\u0131\u011f Turizm Master Plan\u0131\u201d \u2013 Teknik Destek Projesi, FKA \u2013 <strong>Devam Ediyor<\/strong><\/li>\n<li>\u201cBizim Ora Kad\u0131n Giri\u015fimi \u00dcretim ve \u0130\u015fletme Kooperatifi \u0130\u00e7in Kalk\u0131nma ve Marka Yolculu\u011fu Dan\u0131\u015fmanl\u0131\u011f\u0131\u201d \u2013 Teknik Destek, OKA \u2013 <strong>Devam Ediyor<\/strong><\/li>\n<li>\u201cFimar A.\u015e Bakra\u00e7 S\u00fct&#8217;\u00fcn Ye\u015fil D\u00f6n\u00fc\u015f\u00fcm ile Rekabet G\u00fcc\u00fcn\u00fcn Art\u0131r\u0131lmas\u0131 E\u011fitim ve Dan\u0131\u015fmanl\u0131k Projesi\u201d \u2013 Teknik Destek, OKA \u2013 <strong>Devam Ediyor<\/strong><\/li>\n<li>\u201cTurizmde Kad\u0131n\u0131n Eliyle, Kaliteyi Y\u00fckseltiyor, Hizmeti Geli\u015ftiriyoruz Projesi\u201d \u2013 Teknik Destek, OKA \u2013 <strong>Devam Ediyor<\/strong><\/li>\n<\/ul>\n<p>[\/vc_column_text][\/vc_column][\/vc_row]<\/p>\n","protected":false},"excerpt":{"rendered":"<p>[vc_row][vc_column][\/vc_column][\/vc_row][vc_row][vc_column][vc_column_text] \u201cA\u011fr\u0131 Da\u011f\u0131 3200 m Kamp Merkezi Fizibilite, Proje ve Yakla\u015f\u0131k Maliyet Haz\u0131rlanmas\u0131 \u0130\u015fi\u201d \u2013 A\u011fr\u0131 \u0130l \u00d6zel \u0130daresi \u2013 Devam Ediyor \u201cManavgat Organize Sanayi B\u00f6lgesi Y\u0131\u011f\u0131n Belirleme Analiz Raporu\u201d \u2013 Manavgat Ticaret Odas\u0131 \u2013 Devam Ediyor &#8220;Ba\u011f\u0131ml\u0131l\u0131kla M\u00fccadele Eden Profesyonellere Y\u00f6nelik E\u011fitim&#8221; \u2013 Teknik Destek Projesi, GMKA \u2013 Devam Ediyor \u201cDijital \u0130\u00e7erik \u00dcretim E\u011fitimi [&hellip;]<\/p>\n","protected":false},"author":1,"featured_media":0,"parent":0,"menu_order":0,"comment_status":"closed","ping_status":"closed","template":"","meta":{"footnotes":""},"yoast_head":"<!-- This site is optimized with the Yoast SEO plugin v21.2 - https:\/\/yoast.com\/wordpress\/plugins\/seo\/ -->\n<title>Devam Eden \u00c7al\u0131\u015fmalar - Netrevart<\/title>\n<meta name=\"description\" content=\"\u00d6zel sekt\u00f6r ve kamu serkt\u00f6r\u00fcnde yer alan i\u015fletmelerin i\u015fbirli\u011fi ile haz\u0131rlad\u0131\u011f\u0131m\u0131z devam eden \u00e7al\u0131\u015fmalar\u0131m\u0131z\u0131 g\u00f6rmek i\u00e7in t\u0131klay\u0131n\u0131z.\" \/>\n<meta name=\"robots\" content=\"index, follow, max-snippet:-1, max-image-preview:large, max-video-preview:-1\" \/>\n<link rel=\"canonical\" href=\"https:\/\/netrevart.com.tr\/?page_id=2414\" \/>\n<meta property=\"og:locale\" content=\"tr_TR\" \/>\n<meta property=\"og:type\" content=\"article\" \/>\n<meta property=\"og:title\" content=\"Devam Eden \u00c7al\u0131\u015fmalar - Netrevart\" \/>\n<meta property=\"og:description\" content=\"\u00d6zel sekt\u00f6r ve kamu serkt\u00f6r\u00fcnde yer alan i\u015fletmelerin i\u015fbirli\u011fi ile haz\u0131rlad\u0131\u011f\u0131m\u0131z devam eden \u00e7al\u0131\u015fmalar\u0131m\u0131z\u0131 g\u00f6rmek i\u00e7in t\u0131klay\u0131n\u0131z.\" \/>\n<meta property=\"og:url\" content=\"https:\/\/netrevart.com.tr\/?page_id=2414\" \/>\n<meta property=\"og:site_name\" content=\"Netrevart\" \/>\n<meta property=\"article:modified_time\" content=\"2025-07-29T14:17:06+00:00\" \/>\n<meta name=\"twitter:card\" content=\"summary_large_image\" \/>\n<meta name=\"twitter:site\" content=\"@NETREVART\" \/>\n<meta name=\"twitter:label1\" content=\"Tahmini okuma s\u00fcresi\" \/>\n\t<meta name=\"twitter:data1\" content=\"1 dakika\" \/>\n<script type=\"application\/ld+json\" class=\"yoast-schema-graph\">{\"@context\":\"https:\/\/schema.org\",\"@graph\":[{\"@type\":\"WebPage\",\"@id\":\"https:\/\/netrevart.com.tr\/?page_id=2414\",\"url\":\"https:\/\/netrevart.com.tr\/?page_id=2414\",\"name\":\"Devam Eden \u00c7al\u0131\u015fmalar - Netrevart\",\"isPartOf\":{\"@id\":\"https:\/\/netrevart.com.tr\/#website\"},\"datePublished\":\"2021-04-12T12:59:52+00:00\",\"dateModified\":\"2025-07-29T14:17:06+00:00\",\"description\":\"\u00d6zel sekt\u00f6r ve kamu serkt\u00f6r\u00fcnde yer alan i\u015fletmelerin i\u015fbirli\u011fi ile haz\u0131rlad\u0131\u011f\u0131m\u0131z devam eden \u00e7al\u0131\u015fmalar\u0131m\u0131z\u0131 g\u00f6rmek i\u00e7in t\u0131klay\u0131n\u0131z.\",\"breadcrumb\":{\"@id\":\"https:\/\/netrevart.com.tr\/?page_id=2414#breadcrumb\"},\"inLanguage\":\"tr\",\"potentialAction\":[{\"@type\":\"ReadAction\",\"target\":[\"https:\/\/netrevart.com.tr\/?page_id=2414\"]}]},{\"@type\":\"BreadcrumbList\",\"@id\":\"https:\/\/netrevart.com.tr\/?page_id=2414#breadcrumb\",\"itemListElement\":[{\"@type\":\"ListItem\",\"position\":1,\"name\":\"Home\",\"item\":\"https:\/\/netrevart.com.tr\/\"},{\"@type\":\"ListItem\",\"position\":2,\"name\":\"Devam Eden \u00c7al\u0131\u015fmalar\"}]},{\"@type\":\"WebSite\",\"@id\":\"https:\/\/netrevart.com.tr\/#website\",\"url\":\"https:\/\/netrevart.com.tr\/\",\"name\":\"Netrevart\",\"description\":\"Bili\u015fim Ara\u015ft\u0131rma-Geli\u015ftirme Dan\u0131\u015fmanl\u0131k Organizasyon Bas\u0131m Sanayi Ticaret\",\"publisher\":{\"@id\":\"https:\/\/netrevart.com.tr\/#organization\"},\"potentialAction\":[{\"@type\":\"SearchAction\",\"target\":{\"@type\":\"EntryPoint\",\"urlTemplate\":\"https:\/\/netrevart.com.tr\/?s={search_term_string}\"},\"query-input\":\"required name=search_term_string\"}],\"inLanguage\":\"tr\"},{\"@type\":\"Organization\",\"@id\":\"https:\/\/netrevart.com.tr\/#organization\",\"name\":\"Netrevart Ar-Ge Bili\u015fim Dan\u0131\u015fmanl\u0131k\",\"url\":\"https:\/\/netrevart.com.tr\/\",\"logo\":{\"@type\":\"ImageObject\",\"inLanguage\":\"tr\",\"@id\":\"https:\/\/netrevart.com.tr\/#\/schema\/logo\/image\/\",\"url\":\"https:\/\/netrevart.com.tr\/wp-content\/uploads\/2020\/04\/netrevart-7-1.jpg\",\"contentUrl\":\"https:\/\/netrevart.com.tr\/wp-content\/uploads\/2020\/04\/netrevart-7-1.jpg\",\"width\":2339,\"height\":1654,\"caption\":\"Netrevart Ar-Ge Bili\u015fim Dan\u0131\u015fmanl\u0131k\"},\"image\":{\"@id\":\"https:\/\/netrevart.com.tr\/#\/schema\/logo\/image\/\"},\"sameAs\":[\"https:\/\/twitter.com\/NETREVART\"]}]}<\/script>\n<!-- \/ Yoast SEO plugin. -->","yoast_head_json":{"title":"Devam Eden \u00c7al\u0131\u015fmalar - Netrevart","description":"\u00d6zel sekt\u00f6r ve kamu serkt\u00f6r\u00fcnde yer alan i\u015fletmelerin i\u015fbirli\u011fi ile haz\u0131rlad\u0131\u011f\u0131m\u0131z devam eden \u00e7al\u0131\u015fmalar\u0131m\u0131z\u0131 g\u00f6rmek i\u00e7in t\u0131klay\u0131n\u0131z.","robots":{"index":"index","follow":"follow","max-snippet":"max-snippet:-1","max-image-preview":"max-image-preview:large","max-video-preview":"max-video-preview:-1"},"canonical":"https:\/\/netrevart.com.tr\/?page_id=2414","og_locale":"tr_TR","og_type":"article","og_title":"Devam Eden \u00c7al\u0131\u015fmalar - Netrevart","og_description":"\u00d6zel sekt\u00f6r ve kamu serkt\u00f6r\u00fcnde yer alan i\u015fletmelerin i\u015fbirli\u011fi ile haz\u0131rlad\u0131\u011f\u0131m\u0131z devam eden \u00e7al\u0131\u015fmalar\u0131m\u0131z\u0131 g\u00f6rmek i\u00e7in t\u0131klay\u0131n\u0131z.","og_url":"https:\/\/netrevart.com.tr\/?page_id=2414","og_site_name":"Netrevart","article_modified_time":"2025-07-29T14:17:06+00:00","twitter_card":"summary_large_image","twitter_site":"@NETREVART","twitter_misc":{"Tahmini okuma s\u00fcresi":"1 dakika"},"schema":{"@context":"https:\/\/schema.org","@graph":[{"@type":"WebPage","@id":"https:\/\/netrevart.com.tr\/?page_id=2414","url":"https:\/\/netrevart.com.tr\/?page_id=2414","name":"Devam Eden \u00c7al\u0131\u015fmalar - Netrevart","isPartOf":{"@id":"https:\/\/netrevart.com.tr\/#website"},"datePublished":"2021-04-12T12:59:52+00:00","dateModified":"2025-07-29T14:17:06+00:00","description":"\u00d6zel sekt\u00f6r ve kamu serkt\u00f6r\u00fcnde yer alan i\u015fletmelerin i\u015fbirli\u011fi ile haz\u0131rlad\u0131\u011f\u0131m\u0131z devam eden \u00e7al\u0131\u015fmalar\u0131m\u0131z\u0131 g\u00f6rmek i\u00e7in t\u0131klay\u0131n\u0131z.","breadcrumb":{"@id":"https:\/\/netrevart.com.tr\/?page_id=2414#breadcrumb"},"inLanguage":"tr","potentialAction":[{"@type":"ReadAction","target":["https:\/\/netrevart.com.tr\/?page_id=2414"]}]},{"@type":"BreadcrumbList","@id":"https:\/\/netrevart.com.tr\/?page_id=2414#breadcrumb","itemListElement":[{"@type":"ListItem","position":1,"name":"Home","item":"https:\/\/netrevart.com.tr\/"},{"@type":"ListItem","position":2,"name":"Devam Eden \u00c7al\u0131\u015fmalar"}]},{"@type":"WebSite","@id":"https:\/\/netrevart.com.tr\/#website","url":"https:\/\/netrevart.com.tr\/","name":"Netrevart","description":"Bili\u015fim Ara\u015ft\u0131rma-Geli\u015ftirme Dan\u0131\u015fmanl\u0131k Organizasyon Bas\u0131m Sanayi Ticaret","publisher":{"@id":"https:\/\/netrevart.com.tr\/#organization"},"potentialAction":[{"@type":"SearchAction","target":{"@type":"EntryPoint","urlTemplate":"https:\/\/netrevart.com.tr\/?s={search_term_string}"},"query-input":"required name=search_term_string"}],"inLanguage":"tr"},{"@type":"Organization","@id":"https:\/\/netrevart.com.tr\/#organization","name":"Netrevart Ar-Ge Bili\u015fim Dan\u0131\u015fmanl\u0131k","url":"https:\/\/netrevart.com.tr\/","logo":{"@type":"ImageObject","inLanguage":"tr","@id":"https:\/\/netrevart.com.tr\/#\/schema\/logo\/image\/","url":"https:\/\/netrevart.com.tr\/wp-content\/uploads\/2020\/04\/netrevart-7-1.jpg","contentUrl":"https:\/\/netrevart.com.tr\/wp-content\/uploads\/2020\/04\/netrevart-7-1.jpg","width":2339,"height":1654,"caption":"Netrevart Ar-Ge Bili\u015fim Dan\u0131\u015fmanl\u0131k"},"image":{"@id":"https:\/\/netrevart.com.tr\/#\/schema\/logo\/image\/"},"sameAs":["https:\/\/twitter.com\/NETREVART"]}]}},"_links":{"self":[{"href":"https:\/\/netrevart.com.tr\/index.php?rest_route=\/wp\/v2\/pages\/2414"}],"collection":[{"href":"https:\/\/netrevart.com.tr\/index.php?rest_route=\/wp\/v2\/pages"}],"about":[{"href":"https:\/\/netrevart.com.tr\/index.php?rest_route=\/wp\/v2\/types\/page"}],"author":[{"embeddable":true,"href":"https:\/\/netrevart.com.tr\/index.php?rest_route=\/wp\/v2\/users\/1"}],"replies":[{"embeddable":true,"href":"https:\/\/netrevart.com.tr\/index.php?rest_route=%2Fwp%2Fv2%2Fcomments&post=2414"}],"version-history":[{"count":16,"href":"https:\/\/netrevart.com.tr\/index.php?rest_route=\/wp\/v2\/pages\/2414\/revisions"}],"predecessor-version":[{"id":2720,"href":"https:\/\/netrevart.com.tr\/index.php?rest_route=\/wp\/v2\/pages\/2414\/revisions\/2720"}],"wp:attachment":[{"href":"https:\/\/netrevart.com.tr\/index.php?rest_route=%2Fwp%2Fv2%2Fmedia&parent=2414"}],"curies":[{"name":"wp","href":"https:\/\/api.w.org\/{rel}","templated":true}]}}