{"id":18,"date":"2020-04-18T21:55:39","date_gmt":"2020-04-18T18:55:39","guid":{"rendered":"http:\/\/netrevart.com.tr\/?page_id=18"},"modified":"2023-07-05T09:56:29","modified_gmt":"2023-07-05T06:56:29","slug":"referanslar-netrevart","status":"publish","type":"page","link":"https:\/\/netrevart.com.tr\/?page_id=18","title":{"rendered":"Referanslar"},"content":{"rendered":"<p>[vc_row][vc_column]\n\t\t<script>\n\t\t\tjQuery(window).load(function(){\n\t\t\t\tjQuery(\"#xzopro-client-84437222\").owlCarousel({\n\t\t\t\t\tloop:true,\n\t\t\t\t    nav:false,\n\t\t\t\t    smartSpeed:1000,\n\t\t\t\t    margin: 30,\t\t    \n\t\t\t\t    dots: false,\n\t\t\t\t    autoplay:true,\n\t\t\t\t    autoplayTimeout: 3000,\n\t\t\t\t    responsive:{\n\t\t\t\t    \t0:{\n\t\t\t\t    \t\titems: 2\n\t\t\t\t    \t},\n\t\t\t\t    \t480:{\n\t\t\t\t    \t\titems: 3\n\t\t\t\t    \t},\n\t\t\t\t    \t768:{\n\t\t\t\t    \t\titems: 4\n\t\t\t\t    \t},\n\t\t\t\t    \t992:{\n\t\t\t\t    \t\titems: 5\n\t\t\t\t    \t}\n\t\t\t\t    }\n\t\t\t\t});\n\t\t\t});\n\t\t<\/script>\n\n\t\t<div id=\"xzopro-client-84437222\" class=\"xzopro-client owl-carousel \">\n\t\n\t\t\t<div class=\"single-logo-box\" style=\"height:100px\">\n\t\t\t\t<div class=\"single-brand-logo\">\n\t\t\t\t\t<img src=\"\" alt=\"\">\n\t\t\t\t<\/div>\n\t\t\t<\/div>\n\t\t\n\t\t<\/div>\n    [\/vc_column][\/vc_row][vc_row][vc_column]\n        <div class=\"section-title-wrapper \" style=\"color: #505050\">\n            <div class=\"row text-center\">\n                <div class=\"col-xl-6 offset-xl-3 col-lg-8 offset-lg-2 col-md-10 offset-md-1\">  \n                    <h2 class=\"section-title\" style=\"color:#0a6db7\">Referanslar\u0131m\u0131z<\/h2>\n                    <ul class=\"title-shape no-list-style text-center\">\n                        <li style=\"background: #0a6db7\"><\/li>\n                        <li style=\"background: #0a6db7\"><\/li>\n                        <li style=\"background: #0a6db7\"><\/li>\n                    <\/ul>\n                    \n                <\/div>\n            <\/div>   \n        <\/div>\n    [\/vc_column][\/vc_row][vc_row][vc_column css_animation=&#8221;zoomIn&#8221;][vc_gallery type=&#8221;image_grid&#8221; images=&#8221;2253,2252,2242,2245,2251,2254,2248,2247,2244,2243,2250,2273,2272,2246,2249&#8243; img_size=&#8221;medium&#8221; onclick=&#8221;&#8221; css_animation=&#8221;zoomIn&#8221;][\/vc_column][\/vc_row]<\/p>\n","protected":false},"excerpt":{"rendered":"<p>[vc_row][vc_column][\/vc_column][\/vc_row][vc_row][vc_column][\/vc_column][\/vc_row][vc_row][vc_column css_animation=&#8221;zoomIn&#8221;][vc_gallery type=&#8221;image_grid&#8221; images=&#8221;2253,2252,2242,2245,2251,2254,2248,2247,2244,2243,2250,2273,2272,2246,2249&#8243; img_size=&#8221;medium&#8221; onclick=&#8221;&#8221; css_animation=&#8221;zoomIn&#8221;][\/vc_column][\/vc_row]<\/p>\n","protected":false},"author":1,"featured_media":0,"parent":0,"menu_order":0,"comment_status":"closed","ping_status":"closed","template":"","meta":{"footnotes":""},"yoast_head":"<!-- This site is optimized with the Yoast SEO plugin v21.2 - https:\/\/yoast.com\/wordpress\/plugins\/seo\/ -->\n<title>Referanslar - Netrevart<\/title>\n<meta name=\"description\" content=\"Netrevert Bili\u015fim A.\u015e. referanslar\u0131m\u0131z D\u0130KA-GEKA-BEBKA-BAKA-SERKA-Zafer Kalk\u0131nma Ajans\u0131-Mevlana Kalk\u0131nma Ajans\u0131-Karacada\u011f Kalk\u0131nma Ajans\u0131....\" \/>\n<meta name=\"robots\" content=\"index, follow, max-snippet:-1, max-image-preview:large, max-video-preview:-1\" \/>\n<link rel=\"canonical\" href=\"https:\/\/netrevart.com.tr\/?page_id=18\" \/>\n<meta property=\"og:locale\" content=\"tr_TR\" \/>\n<meta property=\"og:type\" content=\"article\" \/>\n<meta property=\"og:title\" content=\"Referanslar - Netrevart\" \/>\n<meta property=\"og:description\" content=\"Netrevert Bili\u015fim A.\u015e. referanslar\u0131m\u0131z D\u0130KA-GEKA-BEBKA-BAKA-SERKA-Zafer Kalk\u0131nma Ajans\u0131-Mevlana Kalk\u0131nma Ajans\u0131-Karacada\u011f Kalk\u0131nma Ajans\u0131....\" \/>\n<meta property=\"og:url\" content=\"https:\/\/netrevart.com.tr\/?page_id=18\" \/>\n<meta property=\"og:site_name\" content=\"Netrevart\" \/>\n<meta property=\"article:modified_time\" content=\"2023-07-05T06:56:29+00:00\" \/>\n<meta name=\"twitter:card\" content=\"summary_large_image\" \/>\n<meta name=\"twitter:site\" content=\"@NETREVART\" \/>\n<meta name=\"twitter:label1\" content=\"Tahmini okuma s\u00fcresi\" \/>\n\t<meta name=\"twitter:data1\" content=\"1 dakika\" \/>\n<script type=\"application\/ld+json\" class=\"yoast-schema-graph\">{\"@context\":\"https:\/\/schema.org\",\"@graph\":[{\"@type\":\"WebPage\",\"@id\":\"https:\/\/netrevart.com.tr\/?page_id=18\",\"url\":\"https:\/\/netrevart.com.tr\/?page_id=18\",\"name\":\"Referanslar - Netrevart\",\"isPartOf\":{\"@id\":\"https:\/\/netrevart.com.tr\/#website\"},\"datePublished\":\"2020-04-18T18:55:39+00:00\",\"dateModified\":\"2023-07-05T06:56:29+00:00\",\"description\":\"Netrevert Bili\u015fim A.\u015e. referanslar\u0131m\u0131z D\u0130KA-GEKA-BEBKA-BAKA-SERKA-Zafer Kalk\u0131nma Ajans\u0131-Mevlana Kalk\u0131nma Ajans\u0131-Karacada\u011f Kalk\u0131nma Ajans\u0131....\",\"breadcrumb\":{\"@id\":\"https:\/\/netrevart.com.tr\/?page_id=18#breadcrumb\"},\"inLanguage\":\"tr\",\"potentialAction\":[{\"@type\":\"ReadAction\",\"target\":[\"https:\/\/netrevart.com.tr\/?page_id=18\"]}]},{\"@type\":\"BreadcrumbList\",\"@id\":\"https:\/\/netrevart.com.tr\/?page_id=18#breadcrumb\",\"itemListElement\":[{\"@type\":\"ListItem\",\"position\":1,\"name\":\"Home\",\"item\":\"https:\/\/netrevart.com.tr\/\"},{\"@type\":\"ListItem\",\"position\":2,\"name\":\"Referanslar\"}]},{\"@type\":\"WebSite\",\"@id\":\"https:\/\/netrevart.com.tr\/#website\",\"url\":\"https:\/\/netrevart.com.tr\/\",\"name\":\"Netrevart\",\"description\":\"Bili\u015fim Ara\u015ft\u0131rma-Geli\u015ftirme Dan\u0131\u015fmanl\u0131k Organizasyon Bas\u0131m Sanayi Ticaret\",\"publisher\":{\"@id\":\"https:\/\/netrevart.com.tr\/#organization\"},\"potentialAction\":[{\"@type\":\"SearchAction\",\"target\":{\"@type\":\"EntryPoint\",\"urlTemplate\":\"https:\/\/netrevart.com.tr\/?s={search_term_string}\"},\"query-input\":\"required name=search_term_string\"}],\"inLanguage\":\"tr\"},{\"@type\":\"Organization\",\"@id\":\"https:\/\/netrevart.com.tr\/#organization\",\"name\":\"Netrevart Ar-Ge Bili\u015fim Dan\u0131\u015fmanl\u0131k\",\"url\":\"https:\/\/netrevart.com.tr\/\",\"logo\":{\"@type\":\"ImageObject\",\"inLanguage\":\"tr\",\"@id\":\"https:\/\/netrevart.com.tr\/#\/schema\/logo\/image\/\",\"url\":\"https:\/\/netrevart.com.tr\/wp-content\/uploads\/2020\/04\/netrevart-7-1.jpg\",\"contentUrl\":\"https:\/\/netrevart.com.tr\/wp-content\/uploads\/2020\/04\/netrevart-7-1.jpg\",\"width\":2339,\"height\":1654,\"caption\":\"Netrevart Ar-Ge Bili\u015fim Dan\u0131\u015fmanl\u0131k\"},\"image\":{\"@id\":\"https:\/\/netrevart.com.tr\/#\/schema\/logo\/image\/\"},\"sameAs\":[\"https:\/\/twitter.com\/NETREVART\"]}]}<\/script>\n<!-- \/ Yoast SEO plugin. -->","yoast_head_json":{"title":"Referanslar - Netrevart","description":"Netrevert Bili\u015fim A.\u015e. referanslar\u0131m\u0131z D\u0130KA-GEKA-BEBKA-BAKA-SERKA-Zafer Kalk\u0131nma Ajans\u0131-Mevlana Kalk\u0131nma Ajans\u0131-Karacada\u011f Kalk\u0131nma Ajans\u0131....","robots":{"index":"index","follow":"follow","max-snippet":"max-snippet:-1","max-image-preview":"max-image-preview:large","max-video-preview":"max-video-preview:-1"},"canonical":"https:\/\/netrevart.com.tr\/?page_id=18","og_locale":"tr_TR","og_type":"article","og_title":"Referanslar - Netrevart","og_description":"Netrevert Bili\u015fim A.\u015e. referanslar\u0131m\u0131z D\u0130KA-GEKA-BEBKA-BAKA-SERKA-Zafer Kalk\u0131nma Ajans\u0131-Mevlana Kalk\u0131nma Ajans\u0131-Karacada\u011f Kalk\u0131nma Ajans\u0131....","og_url":"https:\/\/netrevart.com.tr\/?page_id=18","og_site_name":"Netrevart","article_modified_time":"2023-07-05T06:56:29+00:00","twitter_card":"summary_large_image","twitter_site":"@NETREVART","twitter_misc":{"Tahmini okuma s\u00fcresi":"1 dakika"},"schema":{"@context":"https:\/\/schema.org","@graph":[{"@type":"WebPage","@id":"https:\/\/netrevart.com.tr\/?page_id=18","url":"https:\/\/netrevart.com.tr\/?page_id=18","name":"Referanslar - Netrevart","isPartOf":{"@id":"https:\/\/netrevart.com.tr\/#website"},"datePublished":"2020-04-18T18:55:39+00:00","dateModified":"2023-07-05T06:56:29+00:00","description":"Netrevert Bili\u015fim A.\u015e. referanslar\u0131m\u0131z D\u0130KA-GEKA-BEBKA-BAKA-SERKA-Zafer Kalk\u0131nma Ajans\u0131-Mevlana Kalk\u0131nma Ajans\u0131-Karacada\u011f Kalk\u0131nma Ajans\u0131....","breadcrumb":{"@id":"https:\/\/netrevart.com.tr\/?page_id=18#breadcrumb"},"inLanguage":"tr","potentialAction":[{"@type":"ReadAction","target":["https:\/\/netrevart.com.tr\/?page_id=18"]}]},{"@type":"BreadcrumbList","@id":"https:\/\/netrevart.com.tr\/?page_id=18#breadcrumb","itemListElement":[{"@type":"ListItem","position":1,"name":"Home","item":"https:\/\/netrevart.com.tr\/"},{"@type":"ListItem","position":2,"name":"Referanslar"}]},{"@type":"WebSite","@id":"https:\/\/netrevart.com.tr\/#website","url":"https:\/\/netrevart.com.tr\/","name":"Netrevart","description":"Bili\u015fim Ara\u015ft\u0131rma-Geli\u015ftirme Dan\u0131\u015fmanl\u0131k Organizasyon Bas\u0131m Sanayi Ticaret","publisher":{"@id":"https:\/\/netrevart.com.tr\/#organization"},"potentialAction":[{"@type":"SearchAction","target":{"@type":"EntryPoint","urlTemplate":"https:\/\/netrevart.com.tr\/?s={search_term_string}"},"query-input":"required name=search_term_string"}],"inLanguage":"tr"},{"@type":"Organization","@id":"https:\/\/netrevart.com.tr\/#organization","name":"Netrevart Ar-Ge Bili\u015fim Dan\u0131\u015fmanl\u0131k","url":"https:\/\/netrevart.com.tr\/","logo":{"@type":"ImageObject","inLanguage":"tr","@id":"https:\/\/netrevart.com.tr\/#\/schema\/logo\/image\/","url":"https:\/\/netrevart.com.tr\/wp-content\/uploads\/2020\/04\/netrevart-7-1.jpg","contentUrl":"https:\/\/netrevart.com.tr\/wp-content\/uploads\/2020\/04\/netrevart-7-1.jpg","width":2339,"height":1654,"caption":"Netrevart Ar-Ge Bili\u015fim Dan\u0131\u015fmanl\u0131k"},"image":{"@id":"https:\/\/netrevart.com.tr\/#\/schema\/logo\/image\/"},"sameAs":["https:\/\/twitter.com\/NETREVART"]}]}},"_links":{"self":[{"href":"https:\/\/netrevart.com.tr\/index.php?rest_route=\/wp\/v2\/pages\/18"}],"collection":[{"href":"https:\/\/netrevart.com.tr\/index.php?rest_route=\/wp\/v2\/pages"}],"about":[{"href":"https:\/\/netrevart.com.tr\/index.php?rest_route=\/wp\/v2\/types\/page"}],"author":[{"embeddable":true,"href":"https:\/\/netrevart.com.tr\/index.php?rest_route=\/wp\/v2\/users\/1"}],"replies":[{"embeddable":true,"href":"https:\/\/netrevart.com.tr\/index.php?rest_route=%2Fwp%2Fv2%2Fcomments&post=18"}],"version-history":[{"count":17,"href":"https:\/\/netrevart.com.tr\/index.php?rest_route=\/wp\/v2\/pages\/18\/revisions"}],"predecessor-version":[{"id":2574,"href":"https:\/\/netrevart.com.tr\/index.php?rest_route=\/wp\/v2\/pages\/18\/revisions\/2574"}],"wp:attachment":[{"href":"https:\/\/netrevart.com.tr\/index.php?rest_route=%2Fwp%2Fv2%2Fmedia&parent=18"}],"curies":[{"name":"wp","href":"https:\/\/api.w.org\/{rel}","templated":true}]}}