{"id":16,"date":"2020-04-18T21:53:21","date_gmt":"2020-04-18T18:53:21","guid":{"rendered":"http:\/\/netrevart.com.tr\/?page_id=16"},"modified":"2023-06-23T09:43:11","modified_gmt":"2023-06-23T06:43:11","slug":"iletisim","status":"publish","type":"page","link":"https:\/\/netrevart.com.tr\/?page_id=16","title":{"rendered":"\u0130leti\u015fim"},"content":{"rendered":"<p>[vc_row css=&#8221;.vc_custom_1529464820242{padding-top: 92px !important;}&#8221;][vc_column]\n        <div class=\"section-title-wrapper \" style=\"color: #505050\">\n            <div class=\"row text-center\">\n                <div class=\"col-xl-6 offset-xl-3 col-lg-8 offset-lg-2 col-md-10 offset-md-1\">  \n                    <h2 class=\"section-title\" style=\"color:#0a6db7\">\u0130leti\u015fim<\/h2>\n                    <ul class=\"title-shape no-list-style text-center\">\n                        <li style=\"background: #0a6db7\"><\/li>\n                        <li style=\"background: #0a6db7\"><\/li>\n                        <li style=\"background: #0a6db7\"><\/li>\n                    <\/ul>\n                    \n                <\/div>\n            <\/div>   \n        <\/div>\n    [vc_row_inner css=&#8221;.vc_custom_1530364944779{padding-bottom: 100px !important;}&#8221;][vc_column_inner width=&#8221;1\/2&#8243; css=&#8221;.vc_custom_1587589474761{border-right-width: 100px !important;}&#8221;]\n        <div class=\"contact-info-box \" style=\"background-color: #f4f4f4\">\n            <div class=\"contact-info-content\" style=\"color: #0a0a0a\">\n                <ul class=\"no-list-style\"><li><i style=\"color: #0a6db7\" class=\"flaticon-xzopro-placeholder\"><\/i> <span  style=\"color: #0a6db7\">Adres : <\/span><p>Pamukkale \u00dcniversitesi Teknokent K\u0131n\u0131kl\u0131 Mh. H\u00fcseyin Y\u0131lmaz Cd. No:67 B Blok 1. Kat No:107 Pamukkale\/Denizli<\/p>\n<\/li><li><i style=\"color: #0a6db7\" class=\"flaticon-xzopro-phone-call\"><\/i> <span  style=\"color: #0a6db7\">Telefon : <\/span><p>0545 776 65 58<\/p>\n<\/li><li><i style=\"color: #0a6db7\" class=\"flaticon-xzopro-email\"><\/i> <span  style=\"color: #0a6db7\">E-Posta : <\/span><p>netrevart@gmail.com<br \/>\ninfo@netrevart.com.tr<\/p>\n<\/li>\n                <\/ul>\n            <\/div>\n        <\/div>\n    [\/vc_column_inner][vc_column_inner width=&#8221;1\/2&#8243;][vc_gmaps link=&#8221;#E-8_JTNDaWZyYW1lJTIwc3JjJTNEJTIyaHR0cHMlM0ElMkYlMkZ3d3cuZ29vZ2xlLmNvbSUyRm1hcHMlMkZlbWJlZCUzRnBiJTNEJTIxMW0xOCUyMTFtMTIlMjExbTMlMjExZDMxNTUuMjA0ODI3ODQxMjM2NyUyMTJkMjkuMDg5NzEzOTExMzMzNDUlMjEzZDM3LjczODMzODY3MTg3NzczNCUyMTJtMyUyMTFmMCUyMTJmMCUyMTNmMCUyMTNtMiUyMTFpMTAyNCUyMTJpNzY4JTIxNGYxMy4xJTIxM20zJTIxMW0yJTIxMXMweDE0YzczZjkzYzg4ZjU1ODclMjUzQTB4ODBhOThkNWIyYzhlNjQ4YSUyMTJ6VG1WMGNtVjJZWEowSUVKcGJHbkZuMmx0SUVGeVljV2ZkTVN4Y20xaElFZGxiR25GbjNScGNtMWxJQ1lnUkdGdXhMSEZuMjFoYm16RXNXc2dUM0puTGlCQ1lYUEVzVzBnVTJGdUxpQlVhV011JTIxNWUwJTIxM20yJTIxMXN0ciUyMTJzdHIlMjE0djE2ODczNDk5MzExMzclMjE1bTIlMjExc3RyJTIxMnN0ciUyMiUyMHdpZHRoJTNEJTIyNjAwJTIyJTIwaGVpZ2h0JTNEJTIyNDUwJTIyJTIwc3R5bGUlM0QlMjJib3JkZXIlM0EwJTNCJTIyJTIwYWxsb3dmdWxsc2NyZWVuJTNEJTIyJTIyJTIwbG9hZGluZyUzRCUyMmxhenklMjIlMjByZWZlcnJlcnBvbGljeSUzRCUyMm5vLXJlZmVycmVyLXdoZW4tZG93bmdyYWRlJTIyJTNFJTNDJTJGaWZyYW1lJTNF&#8221;][\/vc_column_inner][\/vc_row_inner][\/vc_column][\/vc_row]<\/p>\n","protected":false},"excerpt":{"rendered":"<p>[vc_row css=&#8221;.vc_custom_1529464820242{padding-top: 92px !important;}&#8221;][vc_column][vc_row_inner css=&#8221;.vc_custom_1530364944779{padding-bottom: 100px !important;}&#8221;][vc_column_inner width=&#8221;1\/2&#8243; css=&#8221;.vc_custom_1587589474761{border-right-width: 100px !important;}&#8221;][\/vc_column_inner][vc_column_inner width=&#8221;1\/2&#8243;][vc_gmaps link=&#8221;#E-8_JTNDaWZyYW1lJTIwc3JjJTNEJTIyaHR0cHMlM0ElMkYlMkZ3d3cuZ29vZ2xlLmNvbSUyRm1hcHMlMkZlbWJlZCUzRnBiJTNEJTIxMW0xOCUyMTFtMTIlMjExbTMlMjExZDMxNTUuMjA0ODI3ODQxMjM2NyUyMTJkMjkuMDg5NzEzOTExMzMzNDUlMjEzZDM3LjczODMzODY3MTg3NzczNCUyMTJtMyUyMTFmMCUyMTJmMCUyMTNmMCUyMTNtMiUyMTFpMTAyNCUyMTJpNzY4JTIxNGYxMy4xJTIxM20zJTIxMW0yJTIxMXMweDE0YzczZjkzYzg4ZjU1ODclMjUzQTB4ODBhOThkNWIyYzhlNjQ4YSUyMTJ6VG1WMGNtVjJZWEowSUVKcGJHbkZuMmx0SUVGeVljV2ZkTVN4Y20xaElFZGxiR25GbjNScGNtMWxJQ1lnUkdGdXhMSEZuMjFoYm16RXNXc2dUM0puTGlCQ1lYUEVzVzBnVTJGdUxpQlVhV011JTIxNWUwJTIxM20yJTIxMXN0ciUyMTJzdHIlMjE0djE2ODczNDk5MzExMzclMjE1bTIlMjExc3RyJTIxMnN0ciUyMiUyMHdpZHRoJTNEJTIyNjAwJTIyJTIwaGVpZ2h0JTNEJTIyNDUwJTIyJTIwc3R5bGUlM0QlMjJib3JkZXIlM0EwJTNCJTIyJTIwYWxsb3dmdWxsc2NyZWVuJTNEJTIyJTIyJTIwbG9hZGluZyUzRCUyMmxhenklMjIlMjByZWZlcnJlcnBvbGljeSUzRCUyMm5vLXJlZmVycmVyLXdoZW4tZG93bmdyYWRlJTIyJTNFJTNDJTJGaWZyYW1lJTNF&#8221;][\/vc_column_inner][\/vc_row_inner][\/vc_column][\/vc_row]<\/p>\n","protected":false},"author":1,"featured_media":0,"parent":0,"menu_order":0,"comment_status":"closed","ping_status":"closed","template":"","meta":{"footnotes":""},"yoast_head":"<!-- This site is optimized with the Yoast SEO plugin v21.2 - https:\/\/yoast.com\/wordpress\/plugins\/seo\/ -->\n<title>\u0130leti\u015fim Bilgilerimiz - Bize Ula\u015f\u0131n - Netrevart Dan\u0131\u015fmanl\u0131k<\/title>\n<meta name=\"description\" content=\"Pamukkale \u00dcniversitesi Teknoloji Geli\u015ftirme B\u00f6lgesi Kulu\u00e7ka ve \u0130dari Binas\u0131 (Teknokent) B Blok 1.Kat No:107 % Pamukkale \/ Denizli\" \/>\n<meta name=\"robots\" content=\"index, follow, max-snippet:-1, max-image-preview:large, max-video-preview:-1\" \/>\n<link rel=\"canonical\" href=\"https:\/\/netrevart.com.tr\/?page_id=16\" \/>\n<meta property=\"og:locale\" content=\"tr_TR\" \/>\n<meta property=\"og:type\" content=\"article\" \/>\n<meta property=\"og:title\" content=\"\u0130leti\u015fim Bilgilerimiz - Bize Ula\u015f\u0131n - Netrevart Dan\u0131\u015fmanl\u0131k\" \/>\n<meta property=\"og:description\" content=\"Pamukkale \u00dcniversitesi Teknoloji Geli\u015ftirme B\u00f6lgesi Kulu\u00e7ka ve \u0130dari Binas\u0131 (Teknokent) B Blok 1.Kat No:107 % Pamukkale \/ Denizli\" \/>\n<meta property=\"og:url\" content=\"https:\/\/netrevart.com.tr\/?page_id=16\" \/>\n<meta property=\"og:site_name\" content=\"Netrevart\" \/>\n<meta property=\"article:modified_time\" content=\"2023-06-23T06:43:11+00:00\" \/>\n<meta name=\"twitter:card\" content=\"summary_large_image\" \/>\n<meta name=\"twitter:site\" content=\"@NETREVART\" \/>\n<meta name=\"twitter:label1\" content=\"Tahmini okuma s\u00fcresi\" \/>\n\t<meta name=\"twitter:data1\" content=\"1 dakika\" \/>\n<script type=\"application\/ld+json\" class=\"yoast-schema-graph\">{\"@context\":\"https:\/\/schema.org\",\"@graph\":[{\"@type\":\"WebPage\",\"@id\":\"https:\/\/netrevart.com.tr\/?page_id=16\",\"url\":\"https:\/\/netrevart.com.tr\/?page_id=16\",\"name\":\"\u0130leti\u015fim Bilgilerimiz - Bize Ula\u015f\u0131n - Netrevart Dan\u0131\u015fmanl\u0131k\",\"isPartOf\":{\"@id\":\"https:\/\/netrevart.com.tr\/#website\"},\"datePublished\":\"2020-04-18T18:53:21+00:00\",\"dateModified\":\"2023-06-23T06:43:11+00:00\",\"description\":\"Pamukkale \u00dcniversitesi Teknoloji Geli\u015ftirme B\u00f6lgesi Kulu\u00e7ka ve \u0130dari Binas\u0131 (Teknokent) B Blok 1.Kat No:107 % Pamukkale \/ Denizli\",\"breadcrumb\":{\"@id\":\"https:\/\/netrevart.com.tr\/?page_id=16#breadcrumb\"},\"inLanguage\":\"tr\",\"potentialAction\":[{\"@type\":\"ReadAction\",\"target\":[\"https:\/\/netrevart.com.tr\/?page_id=16\"]}]},{\"@type\":\"BreadcrumbList\",\"@id\":\"https:\/\/netrevart.com.tr\/?page_id=16#breadcrumb\",\"itemListElement\":[{\"@type\":\"ListItem\",\"position\":1,\"name\":\"Home\",\"item\":\"https:\/\/netrevart.com.tr\/\"},{\"@type\":\"ListItem\",\"position\":2,\"name\":\"\u0130leti\u015fim\"}]},{\"@type\":\"WebSite\",\"@id\":\"https:\/\/netrevart.com.tr\/#website\",\"url\":\"https:\/\/netrevart.com.tr\/\",\"name\":\"Netrevart\",\"description\":\"Bili\u015fim Ara\u015ft\u0131rma-Geli\u015ftirme Dan\u0131\u015fmanl\u0131k Organizasyon Bas\u0131m Sanayi Ticaret\",\"publisher\":{\"@id\":\"https:\/\/netrevart.com.tr\/#organization\"},\"potentialAction\":[{\"@type\":\"SearchAction\",\"target\":{\"@type\":\"EntryPoint\",\"urlTemplate\":\"https:\/\/netrevart.com.tr\/?s={search_term_string}\"},\"query-input\":\"required name=search_term_string\"}],\"inLanguage\":\"tr\"},{\"@type\":\"Organization\",\"@id\":\"https:\/\/netrevart.com.tr\/#organization\",\"name\":\"Netrevart Ar-Ge Bili\u015fim Dan\u0131\u015fmanl\u0131k\",\"url\":\"https:\/\/netrevart.com.tr\/\",\"logo\":{\"@type\":\"ImageObject\",\"inLanguage\":\"tr\",\"@id\":\"https:\/\/netrevart.com.tr\/#\/schema\/logo\/image\/\",\"url\":\"https:\/\/netrevart.com.tr\/wp-content\/uploads\/2020\/04\/netrevart-7-1.jpg\",\"contentUrl\":\"https:\/\/netrevart.com.tr\/wp-content\/uploads\/2020\/04\/netrevart-7-1.jpg\",\"width\":2339,\"height\":1654,\"caption\":\"Netrevart Ar-Ge Bili\u015fim Dan\u0131\u015fmanl\u0131k\"},\"image\":{\"@id\":\"https:\/\/netrevart.com.tr\/#\/schema\/logo\/image\/\"},\"sameAs\":[\"https:\/\/twitter.com\/NETREVART\"]}]}<\/script>\n<!-- \/ Yoast SEO plugin. -->","yoast_head_json":{"title":"\u0130leti\u015fim Bilgilerimiz - Bize Ula\u015f\u0131n - Netrevart Dan\u0131\u015fmanl\u0131k","description":"Pamukkale \u00dcniversitesi Teknoloji Geli\u015ftirme B\u00f6lgesi Kulu\u00e7ka ve \u0130dari Binas\u0131 (Teknokent) B Blok 1.Kat No:107 % Pamukkale \/ Denizli","robots":{"index":"index","follow":"follow","max-snippet":"max-snippet:-1","max-image-preview":"max-image-preview:large","max-video-preview":"max-video-preview:-1"},"canonical":"https:\/\/netrevart.com.tr\/?page_id=16","og_locale":"tr_TR","og_type":"article","og_title":"\u0130leti\u015fim Bilgilerimiz - Bize Ula\u015f\u0131n - Netrevart Dan\u0131\u015fmanl\u0131k","og_description":"Pamukkale \u00dcniversitesi Teknoloji Geli\u015ftirme B\u00f6lgesi Kulu\u00e7ka ve \u0130dari Binas\u0131 (Teknokent) B Blok 1.Kat No:107 % Pamukkale \/ Denizli","og_url":"https:\/\/netrevart.com.tr\/?page_id=16","og_site_name":"Netrevart","article_modified_time":"2023-06-23T06:43:11+00:00","twitter_card":"summary_large_image","twitter_site":"@NETREVART","twitter_misc":{"Tahmini okuma s\u00fcresi":"1 dakika"},"schema":{"@context":"https:\/\/schema.org","@graph":[{"@type":"WebPage","@id":"https:\/\/netrevart.com.tr\/?page_id=16","url":"https:\/\/netrevart.com.tr\/?page_id=16","name":"\u0130leti\u015fim Bilgilerimiz - Bize Ula\u015f\u0131n - Netrevart Dan\u0131\u015fmanl\u0131k","isPartOf":{"@id":"https:\/\/netrevart.com.tr\/#website"},"datePublished":"2020-04-18T18:53:21+00:00","dateModified":"2023-06-23T06:43:11+00:00","description":"Pamukkale \u00dcniversitesi Teknoloji Geli\u015ftirme B\u00f6lgesi Kulu\u00e7ka ve \u0130dari Binas\u0131 (Teknokent) B Blok 1.Kat No:107 % Pamukkale \/ Denizli","breadcrumb":{"@id":"https:\/\/netrevart.com.tr\/?page_id=16#breadcrumb"},"inLanguage":"tr","potentialAction":[{"@type":"ReadAction","target":["https:\/\/netrevart.com.tr\/?page_id=16"]}]},{"@type":"BreadcrumbList","@id":"https:\/\/netrevart.com.tr\/?page_id=16#breadcrumb","itemListElement":[{"@type":"ListItem","position":1,"name":"Home","item":"https:\/\/netrevart.com.tr\/"},{"@type":"ListItem","position":2,"name":"\u0130leti\u015fim"}]},{"@type":"WebSite","@id":"https:\/\/netrevart.com.tr\/#website","url":"https:\/\/netrevart.com.tr\/","name":"Netrevart","description":"Bili\u015fim Ara\u015ft\u0131rma-Geli\u015ftirme Dan\u0131\u015fmanl\u0131k Organizasyon Bas\u0131m Sanayi Ticaret","publisher":{"@id":"https:\/\/netrevart.com.tr\/#organization"},"potentialAction":[{"@type":"SearchAction","target":{"@type":"EntryPoint","urlTemplate":"https:\/\/netrevart.com.tr\/?s={search_term_string}"},"query-input":"required name=search_term_string"}],"inLanguage":"tr"},{"@type":"Organization","@id":"https:\/\/netrevart.com.tr\/#organization","name":"Netrevart Ar-Ge Bili\u015fim Dan\u0131\u015fmanl\u0131k","url":"https:\/\/netrevart.com.tr\/","logo":{"@type":"ImageObject","inLanguage":"tr","@id":"https:\/\/netrevart.com.tr\/#\/schema\/logo\/image\/","url":"https:\/\/netrevart.com.tr\/wp-content\/uploads\/2020\/04\/netrevart-7-1.jpg","contentUrl":"https:\/\/netrevart.com.tr\/wp-content\/uploads\/2020\/04\/netrevart-7-1.jpg","width":2339,"height":1654,"caption":"Netrevart Ar-Ge Bili\u015fim Dan\u0131\u015fmanl\u0131k"},"image":{"@id":"https:\/\/netrevart.com.tr\/#\/schema\/logo\/image\/"},"sameAs":["https:\/\/twitter.com\/NETREVART"]}]}},"_links":{"self":[{"href":"https:\/\/netrevart.com.tr\/index.php?rest_route=\/wp\/v2\/pages\/16"}],"collection":[{"href":"https:\/\/netrevart.com.tr\/index.php?rest_route=\/wp\/v2\/pages"}],"about":[{"href":"https:\/\/netrevart.com.tr\/index.php?rest_route=\/wp\/v2\/types\/page"}],"author":[{"embeddable":true,"href":"https:\/\/netrevart.com.tr\/index.php?rest_route=\/wp\/v2\/users\/1"}],"replies":[{"embeddable":true,"href":"https:\/\/netrevart.com.tr\/index.php?rest_route=%2Fwp%2Fv2%2Fcomments&post=16"}],"version-history":[{"count":18,"href":"https:\/\/netrevart.com.tr\/index.php?rest_route=\/wp\/v2\/pages\/16\/revisions"}],"predecessor-version":[{"id":2491,"href":"https:\/\/netrevart.com.tr\/index.php?rest_route=\/wp\/v2\/pages\/16\/revisions\/2491"}],"wp:attachment":[{"href":"https:\/\/netrevart.com.tr\/index.php?rest_route=%2Fwp%2Fv2%2Fmedia&parent=16"}],"curies":[{"name":"wp","href":"https:\/\/api.w.org\/{rel}","templated":true}]}}