{"id":145,"date":"2018-07-08T11:00:27","date_gmt":"2018-07-08T08:00:27","guid":{"rendered":"http:\/\/tf.themedraft.com\/wp\/xzopro\/?page_id=145"},"modified":"2025-07-29T15:50:11","modified_gmt":"2025-07-29T12:50:11","slug":"danismanliklar","status":"publish","type":"page","link":"https:\/\/netrevart.com.tr\/?page_id=145","title":{"rendered":"Di\u011fer Projelerimiz ve \u00c7al\u0131\u015fmalar\u0131m\u0131z"},"content":{"rendered":"<p>[vc_row][vc_column][vc_row_inner][vc_column_inner][vc_column_text]<\/p>\n<p>[\/vc_column_text][\/vc_column_inner][\/vc_row_inner]\n        <div class=\"section-title-wrapper \" style=\"color: #505050\">\n            <div class=\"row text-center\">\n                <div class=\"col-xl-6 offset-xl-3 col-lg-8 offset-lg-2 col-md-10 offset-md-1\">  \n                    <h2 class=\"section-title\" style=\"color:#0a6db7\">Di\u011fer Projelerimiz ve \u00c7al\u0131\u015fmalar\u0131m\u0131z<\/h2>\n                    <ul class=\"title-shape no-list-style text-center\">\n                        <li style=\"background: #0a6db7\"><\/li>\n                        <li style=\"background: #0a6db7\"><\/li>\n                        <li style=\"background: #0a6db7\"><\/li>\n                    <\/ul>\n                    \n                <\/div>\n            <\/div>   \n        <\/div>\n    [\/vc_column][\/vc_row][vc_row][vc_column][vc_column_text]<\/p>\n<ul>\n<li>\u201cK\u0131rsal Kalk\u0131nmada U\u00e7u\u015f Zaman\u0131\u201dRapor, MARKA, 2024<\/li>\n<li>\u201cUluslararas\u0131 Malatya Festivali Stratejik Planlama Projesi\u201d Teknik Destek Projesi, FKA, 2024<\/li>\n<li>\u201cHalfeti Turizm Stratejisi ve Eylem Plan\u0131 Haz\u0131rlanmas\u0131\u201d, Teknik Destek Projesi, KARACADA\u011e, 2020<\/li>\n<li>\u201cSakarya Turizm Verilerinin Tan\u0131t\u0131m Faaliyetlerinde Kullan\u0131lmak \u00dczere Haz\u0131rlanmas\u0131\u201c Teknik Destek Projesi MARKA, 2020.<\/li>\n<li>\u201cErasmus+ Ka2 Kapsam\u0131nda Okul \u00d6ncesi E\u011fitimin Avrupa Standartlar\u0131na Entegrasyonuna Y\u00f6nelik Proje Dan\u0131\u015fmanl\u0131k Hizmeti\u201d Teknik Destek E\u011fitimi, MARKA, 2020.<\/li>\n<li>\u201cErasmus+ ile D\u00fczce Avrupa ya a\u00e7\u0131l\u0131yor!\u201d Teknik Destek Projesi, (Alt\u0131 adet Erasmus + proje haz\u0131rlanmas\u0131) MARKA, 2019.<\/li>\n<li>&#8220;Nusaybin Ticaret Borsas\u0131 Stratejik Plan\u0131n Haz\u0131rlanmas\u0131&#8221;,D\u0130KA,2018<\/li>\n<li>\u201cPamukkale \u00dcniversitesi Bilimsel Dergilerin ve Edit\u00f6riyal Hizmetlerinin Geli\u015ftirilmesi\u201d, BAP Kurumsal Altyap\u0131 Projesi, 2015-2018<\/li>\n<li>\u201cUtanga\u00e7l\u0131k Saha \u00c7al\u0131\u015fmas\u0131\u201d Pamukkale \u00dcniversitesi BAP Projesi,2017<\/li>\n<li>\u201cFirma Bazl\u0131 Etkinlik Analizi ve Etkinli\u011fi Belirleyen Fakt\u00f6rler\u201d, Denizli Sanayi Odas\u0131, Do\u011frudan Faaliyet Projesi, GEKA,2017<\/li>\n<li>\u201cT\u00fcrkiye\u2019nin Cevaplama Tarz\u0131 Profiline Dayal\u0131 \u00d6l\u00e7ek \u00c7al\u0131\u015fmalar\u0131\u201d, T\u00dcB\u0130TAK, Proje No:115K155,2015-2017<\/li>\n<li>\u00a0\u201cMaviden Beyaza Denizli Bozda\u011f Projesi \u201d Mali Destek Projesi,GEKA,2017<\/li>\n<li>\u201cGen\u00e7 istihdama kay\u0131t(d\u0131\u015f\u0131)s\u0131z kalama\u201d AB Projesi, Kocaeli \u00dcniversitesi, Ekim,2016<\/li>\n<li>\u201cG\u00f6n\u00fcll\u00fc arama kurtarma rehberlerinin tespiti ve e\u011fitimi\u201d \u00c7ameli Kaymakaml\u0131\u011f\u0131,2016<\/li>\n<li>\u201c\u00c7ameli Spor, Macera ve Do\u011fa Turizmi Altyap\u0131 Geli\u015ftirme Projesi Et\u00fct \u0130\u015fleri\u201d \u00c7ameli Kaymakaml\u0131\u011f\u0131, Mali Destek Projesi,GEKA,2016<\/li>\n<li>\u201cG\u00fcney Ege B\u00f6lgesinde \u00dcretimde Odakl\u0131 Kooperatiflerin Mevcut Durum Analizi ve Geli\u015fme Stratejileri \u00c7al\u0131\u015fmas\u0131\u201d PAU Teknoloji Transfer Ofisi, GEKA ,2015<\/li>\n<li>\u201c\u0130\u0130BF Bili\u015fim Altyap\u0131s\u0131n\u0131n \u0130yile\u015ftirilmesi\u201d Pamukkale \u00dcniversitesi ,BAP Kurumsal Altyap\u0131 Projesi, 2015<\/li>\n<li>\u201cDenizli Tekstil Sanayi Stratejik Ortakl\u0131k \u015eebeke Organizasyonu Bili\u015fim Altyap\u0131s\u0131n\u0131n Kurulmas\u0131\u201d, DETK\u0130B-GEKA\u00a0 Do\u011frudan Faaliyet Deste\u011fi,2015<\/li>\n<li>PA\u00dc Teknoloji Transfer Ofisi \u201cG\u00fcney Ege B\u00f6lgesinde \u00dcretimde Odakl\u0131 Kooperatiflerin Mevcut Durum Analizi ve Geli\u015fme Stratejileri \u00c7al\u0131\u015fmas\u0131\u201d GEKA-2015.<\/li>\n<li>T\u00fcbitak Proje Y\u00fcr\u00fct\u00fcc\u00fcs\u00fc; Do\u00e7.Dr. Sel\u00e7uk Burak Ha\u015f\u0131lo\u011flu,\u201dT\u00fcrkiye\u2019nin Cevaplama Tarz\u0131 Profiline Dayal\u0131 \u00d6l\u00e7ek \u00c7al\u0131\u015fmalar\u0131\u201d, T\u00fcbitak, Proje No:115K155,2015-2017.<\/li>\n<li>\u201cDenizli Tekstil Yenilik ve Tasar\u0131m Merkezi\u201d GEKA Do\u011frudan Faaliyet Deste\u011fi,2013<\/li>\n<li>\u201dDuyarl\u0131 Toplum &amp; Sibiyo Sisteminin Geli\u015ftirilmesi ve Pazara Sunulmas\u0131\u201d Kosgeb End\u00fcstriyel Uygulama Deste\u011fi,2011-2013<\/li>\n<li>\u201dG\u00fcney Egeli Kobi\u2019ler \u0130novasyon Yolunda\u201d Denizli Ticaret Odas\u0131, GEKA-Ajans\u0131n \u0130ktisadi Kalk\u0131nma Mali Destek Program\u0131,2011-2012<\/li>\n<li>\u201cDenizli Tekstil Sanayinin Belirlenmesi\u201d Pamukkale \u00dcniversitesi, GEKA Do\u011frudan Faaliyet Deste\u011fi,2012.<\/li>\n<\/ul>\n<p>[\/vc_column_text][\/vc_column][\/vc_row]<\/p>\n","protected":false},"excerpt":{"rendered":"<p>[vc_row][vc_column][vc_row_inner][vc_column_inner][vc_column_text] [\/vc_column_text][\/vc_column_inner][\/vc_row_inner][\/vc_column][\/vc_row][vc_row][vc_column][vc_column_text] \u201cK\u0131rsal Kalk\u0131nmada U\u00e7u\u015f Zaman\u0131\u201dRapor, MARKA, 2024 \u201cUluslararas\u0131 Malatya Festivali Stratejik Planlama Projesi\u201d Teknik Destek Projesi, FKA, 2024 \u201cHalfeti Turizm Stratejisi ve Eylem Plan\u0131 Haz\u0131rlanmas\u0131\u201d, Teknik Destek Projesi, KARACADA\u011e, 2020 \u201cSakarya Turizm Verilerinin Tan\u0131t\u0131m Faaliyetlerinde Kullan\u0131lmak \u00dczere Haz\u0131rlanmas\u0131\u201c Teknik Destek Projesi MARKA, 2020. \u201cErasmus+ Ka2 Kapsam\u0131nda Okul \u00d6ncesi E\u011fitimin Avrupa Standartlar\u0131na Entegrasyonuna Y\u00f6nelik Proje [&hellip;]<\/p>\n","protected":false},"author":1,"featured_media":0,"parent":0,"menu_order":0,"comment_status":"closed","ping_status":"closed","template":"","meta":{"footnotes":""},"yoast_head":"<!-- This site is optimized with the Yoast SEO plugin v21.2 - https:\/\/yoast.com\/wordpress\/plugins\/seo\/ -->\n<title>Di\u011fer Projelerimiz ve \u00c7al\u0131\u015fmalar\u0131m\u0131z - Netrevart<\/title>\n<meta name=\"description\" content=\"\u00d6zel sekt\u00f6r ve kamu serkt\u00f6r\u00fcnde yer alan i\u015fletmelerin i\u015fbirli\u011fi ile haz\u0131rlad\u0131\u011f\u0131m\u0131z proje ve plan \u00f6rneklerini g\u00f6rmek i\u00e7in t\u0131klay\u0131n\u0131z.\" \/>\n<meta name=\"robots\" content=\"index, follow, max-snippet:-1, max-image-preview:large, max-video-preview:-1\" \/>\n<link rel=\"canonical\" href=\"https:\/\/netrevart.com.tr\/?page_id=145\" \/>\n<meta property=\"og:locale\" content=\"tr_TR\" \/>\n<meta property=\"og:type\" content=\"article\" \/>\n<meta property=\"og:title\" content=\"Di\u011fer Projelerimiz ve \u00c7al\u0131\u015fmalar\u0131m\u0131z - Netrevart\" \/>\n<meta property=\"og:description\" content=\"\u00d6zel sekt\u00f6r ve kamu serkt\u00f6r\u00fcnde yer alan i\u015fletmelerin i\u015fbirli\u011fi ile haz\u0131rlad\u0131\u011f\u0131m\u0131z proje ve plan \u00f6rneklerini g\u00f6rmek i\u00e7in t\u0131klay\u0131n\u0131z.\" \/>\n<meta property=\"og:url\" content=\"https:\/\/netrevart.com.tr\/?page_id=145\" \/>\n<meta property=\"og:site_name\" content=\"Netrevart\" \/>\n<meta property=\"article:modified_time\" content=\"2025-07-29T12:50:11+00:00\" \/>\n<meta name=\"twitter:card\" content=\"summary_large_image\" \/>\n<meta name=\"twitter:site\" content=\"@NETREVART\" \/>\n<meta name=\"twitter:label1\" content=\"Tahmini okuma s\u00fcresi\" \/>\n\t<meta name=\"twitter:data1\" content=\"2 dakika\" \/>\n<script type=\"application\/ld+json\" class=\"yoast-schema-graph\">{\"@context\":\"https:\/\/schema.org\",\"@graph\":[{\"@type\":\"WebPage\",\"@id\":\"https:\/\/netrevart.com.tr\/?page_id=145\",\"url\":\"https:\/\/netrevart.com.tr\/?page_id=145\",\"name\":\"Di\u011fer Projelerimiz ve \u00c7al\u0131\u015fmalar\u0131m\u0131z - Netrevart\",\"isPartOf\":{\"@id\":\"https:\/\/netrevart.com.tr\/#website\"},\"datePublished\":\"2018-07-08T08:00:27+00:00\",\"dateModified\":\"2025-07-29T12:50:11+00:00\",\"description\":\"\u00d6zel sekt\u00f6r ve kamu serkt\u00f6r\u00fcnde yer alan i\u015fletmelerin i\u015fbirli\u011fi ile haz\u0131rlad\u0131\u011f\u0131m\u0131z proje ve plan \u00f6rneklerini g\u00f6rmek i\u00e7in t\u0131klay\u0131n\u0131z.\",\"breadcrumb\":{\"@id\":\"https:\/\/netrevart.com.tr\/?page_id=145#breadcrumb\"},\"inLanguage\":\"tr\",\"potentialAction\":[{\"@type\":\"ReadAction\",\"target\":[\"https:\/\/netrevart.com.tr\/?page_id=145\"]}]},{\"@type\":\"BreadcrumbList\",\"@id\":\"https:\/\/netrevart.com.tr\/?page_id=145#breadcrumb\",\"itemListElement\":[{\"@type\":\"ListItem\",\"position\":1,\"name\":\"Home\",\"item\":\"https:\/\/netrevart.com.tr\/\"},{\"@type\":\"ListItem\",\"position\":2,\"name\":\"Di\u011fer Projelerimiz ve \u00c7al\u0131\u015fmalar\u0131m\u0131z\"}]},{\"@type\":\"WebSite\",\"@id\":\"https:\/\/netrevart.com.tr\/#website\",\"url\":\"https:\/\/netrevart.com.tr\/\",\"name\":\"Netrevart\",\"description\":\"Bili\u015fim Ara\u015ft\u0131rma-Geli\u015ftirme Dan\u0131\u015fmanl\u0131k Organizasyon Bas\u0131m Sanayi Ticaret\",\"publisher\":{\"@id\":\"https:\/\/netrevart.com.tr\/#organization\"},\"potentialAction\":[{\"@type\":\"SearchAction\",\"target\":{\"@type\":\"EntryPoint\",\"urlTemplate\":\"https:\/\/netrevart.com.tr\/?s={search_term_string}\"},\"query-input\":\"required name=search_term_string\"}],\"inLanguage\":\"tr\"},{\"@type\":\"Organization\",\"@id\":\"https:\/\/netrevart.com.tr\/#organization\",\"name\":\"Netrevart Ar-Ge Bili\u015fim Dan\u0131\u015fmanl\u0131k\",\"url\":\"https:\/\/netrevart.com.tr\/\",\"logo\":{\"@type\":\"ImageObject\",\"inLanguage\":\"tr\",\"@id\":\"https:\/\/netrevart.com.tr\/#\/schema\/logo\/image\/\",\"url\":\"https:\/\/netrevart.com.tr\/wp-content\/uploads\/2020\/04\/netrevart-7-1.jpg\",\"contentUrl\":\"https:\/\/netrevart.com.tr\/wp-content\/uploads\/2020\/04\/netrevart-7-1.jpg\",\"width\":2339,\"height\":1654,\"caption\":\"Netrevart Ar-Ge Bili\u015fim Dan\u0131\u015fmanl\u0131k\"},\"image\":{\"@id\":\"https:\/\/netrevart.com.tr\/#\/schema\/logo\/image\/\"},\"sameAs\":[\"https:\/\/twitter.com\/NETREVART\"]}]}<\/script>\n<!-- \/ Yoast SEO plugin. -->","yoast_head_json":{"title":"Di\u011fer Projelerimiz ve \u00c7al\u0131\u015fmalar\u0131m\u0131z - Netrevart","description":"\u00d6zel sekt\u00f6r ve kamu serkt\u00f6r\u00fcnde yer alan i\u015fletmelerin i\u015fbirli\u011fi ile haz\u0131rlad\u0131\u011f\u0131m\u0131z proje ve plan \u00f6rneklerini g\u00f6rmek i\u00e7in t\u0131klay\u0131n\u0131z.","robots":{"index":"index","follow":"follow","max-snippet":"max-snippet:-1","max-image-preview":"max-image-preview:large","max-video-preview":"max-video-preview:-1"},"canonical":"https:\/\/netrevart.com.tr\/?page_id=145","og_locale":"tr_TR","og_type":"article","og_title":"Di\u011fer Projelerimiz ve \u00c7al\u0131\u015fmalar\u0131m\u0131z - Netrevart","og_description":"\u00d6zel sekt\u00f6r ve kamu serkt\u00f6r\u00fcnde yer alan i\u015fletmelerin i\u015fbirli\u011fi ile haz\u0131rlad\u0131\u011f\u0131m\u0131z proje ve plan \u00f6rneklerini g\u00f6rmek i\u00e7in t\u0131klay\u0131n\u0131z.","og_url":"https:\/\/netrevart.com.tr\/?page_id=145","og_site_name":"Netrevart","article_modified_time":"2025-07-29T12:50:11+00:00","twitter_card":"summary_large_image","twitter_site":"@NETREVART","twitter_misc":{"Tahmini okuma s\u00fcresi":"2 dakika"},"schema":{"@context":"https:\/\/schema.org","@graph":[{"@type":"WebPage","@id":"https:\/\/netrevart.com.tr\/?page_id=145","url":"https:\/\/netrevart.com.tr\/?page_id=145","name":"Di\u011fer Projelerimiz ve \u00c7al\u0131\u015fmalar\u0131m\u0131z - Netrevart","isPartOf":{"@id":"https:\/\/netrevart.com.tr\/#website"},"datePublished":"2018-07-08T08:00:27+00:00","dateModified":"2025-07-29T12:50:11+00:00","description":"\u00d6zel sekt\u00f6r ve kamu serkt\u00f6r\u00fcnde yer alan i\u015fletmelerin i\u015fbirli\u011fi ile haz\u0131rlad\u0131\u011f\u0131m\u0131z proje ve plan \u00f6rneklerini g\u00f6rmek i\u00e7in t\u0131klay\u0131n\u0131z.","breadcrumb":{"@id":"https:\/\/netrevart.com.tr\/?page_id=145#breadcrumb"},"inLanguage":"tr","potentialAction":[{"@type":"ReadAction","target":["https:\/\/netrevart.com.tr\/?page_id=145"]}]},{"@type":"BreadcrumbList","@id":"https:\/\/netrevart.com.tr\/?page_id=145#breadcrumb","itemListElement":[{"@type":"ListItem","position":1,"name":"Home","item":"https:\/\/netrevart.com.tr\/"},{"@type":"ListItem","position":2,"name":"Di\u011fer Projelerimiz ve \u00c7al\u0131\u015fmalar\u0131m\u0131z"}]},{"@type":"WebSite","@id":"https:\/\/netrevart.com.tr\/#website","url":"https:\/\/netrevart.com.tr\/","name":"Netrevart","description":"Bili\u015fim Ara\u015ft\u0131rma-Geli\u015ftirme Dan\u0131\u015fmanl\u0131k Organizasyon Bas\u0131m Sanayi Ticaret","publisher":{"@id":"https:\/\/netrevart.com.tr\/#organization"},"potentialAction":[{"@type":"SearchAction","target":{"@type":"EntryPoint","urlTemplate":"https:\/\/netrevart.com.tr\/?s={search_term_string}"},"query-input":"required name=search_term_string"}],"inLanguage":"tr"},{"@type":"Organization","@id":"https:\/\/netrevart.com.tr\/#organization","name":"Netrevart Ar-Ge Bili\u015fim Dan\u0131\u015fmanl\u0131k","url":"https:\/\/netrevart.com.tr\/","logo":{"@type":"ImageObject","inLanguage":"tr","@id":"https:\/\/netrevart.com.tr\/#\/schema\/logo\/image\/","url":"https:\/\/netrevart.com.tr\/wp-content\/uploads\/2020\/04\/netrevart-7-1.jpg","contentUrl":"https:\/\/netrevart.com.tr\/wp-content\/uploads\/2020\/04\/netrevart-7-1.jpg","width":2339,"height":1654,"caption":"Netrevart Ar-Ge Bili\u015fim Dan\u0131\u015fmanl\u0131k"},"image":{"@id":"https:\/\/netrevart.com.tr\/#\/schema\/logo\/image\/"},"sameAs":["https:\/\/twitter.com\/NETREVART"]}]}},"_links":{"self":[{"href":"https:\/\/netrevart.com.tr\/index.php?rest_route=\/wp\/v2\/pages\/145"}],"collection":[{"href":"https:\/\/netrevart.com.tr\/index.php?rest_route=\/wp\/v2\/pages"}],"about":[{"href":"https:\/\/netrevart.com.tr\/index.php?rest_route=\/wp\/v2\/types\/page"}],"author":[{"embeddable":true,"href":"https:\/\/netrevart.com.tr\/index.php?rest_route=\/wp\/v2\/users\/1"}],"replies":[{"embeddable":true,"href":"https:\/\/netrevart.com.tr\/index.php?rest_route=%2Fwp%2Fv2%2Fcomments&post=145"}],"version-history":[{"count":22,"href":"https:\/\/netrevart.com.tr\/index.php?rest_route=\/wp\/v2\/pages\/145\/revisions"}],"predecessor-version":[{"id":2712,"href":"https:\/\/netrevart.com.tr\/index.php?rest_route=\/wp\/v2\/pages\/145\/revisions\/2712"}],"wp:attachment":[{"href":"https:\/\/netrevart.com.tr\/index.php?rest_route=%2Fwp%2Fv2%2Fmedia&parent=145"}],"curies":[{"name":"wp","href":"https:\/\/api.w.org\/{rel}","templated":true}]}}